{"id":2,"date":"2024-12-19T21:59:58","date_gmt":"2024-12-19T20:59:58","guid":{"rendered":"https:\/\/www.abf.eu\/almenno\/?page_id=2"},"modified":"2024-12-19T22:15:21","modified_gmt":"2024-12-19T21:15:21","slug":"pagina-di-esempio","status":"publish","type":"page","link":"https:\/\/www.abf.eu\/almenno\/","title":{"rendered":"Home"},"content":{"rendered":"\n<h2 class=\"wp-block-heading\">Centro di Formazione Professionale di Almenno San Bartolomeo<\/h2>\n\n\n\n<p>Il Centro di Formazione Professionale di Almenno San Bartolomeo dal 2006 si occupa di formare i giovani al mondo del lavoro, contribuendo, in particolare, allo sviluppo del sistema produttivo del mondo del legno. Valore imprescindibile della nostra attivit\u00e0 \u00e8 la centralit\u00e0 della persona attraverso la valorizzazione e lo sviluppo di tutte le sue potenzialit\u00e0. I ragazzi sono guidati nel percorso di apprendimento della professione attraverso la conoscenza della <strong>lavorazione dei materiali lignei<\/strong> tra innovazione, digitalizzazione e con lo sguardo rivolto alla sostenibilit\u00e0.<\/p>\n\n\n\n<h3 class=\"wp-block-heading\"><strong>Offerta formativa<\/strong><\/h3>\n\n\n\n<p>Il Centro si concentra sul settore della <strong>lavorazione di materiali lignei<\/strong> e propone:<\/p>\n\n\n\n<p>&nbsp;&#8211; <strong>qualifiche e diplomi tecnici professionali<\/strong> rivolti ai giovani che desiderano intraprendere una professione e un mestiere in tal settore. I percorsi forniscono agli studenti competenze tecniche e culturali che favoriscono un inserimento lavorativo mirato e qualificato. Il metodo d\u2019insegnamento si esplica sia attraverso tecniche tradizionali che valorizzano le capacit\u00e0 manuali della lavorazione del legno sia l\u2019evoluzione che comprende l\u2019<strong>intelligenza tecnologica.<\/strong> Il fine ultimo \u00e8 quello di generare competenze spendibili nel mondo dell\u2019artigianalit\u00e0, ma soprattutto nel mondo dell\u2019industria 5.0.<\/p>\n\n\n\n<p>&#8211; percorsi di <strong>tirocinio curricolare<\/strong>. L\u2019esperienza pluriennale ha permesso la costruzione di una rete aziendale che copre tutta la filiera produttiva permettendone una facile attivazione al fine di arricchire e consolidare le competenze tecnico professionali richieste dalla realt\u00e0 lavorativa di riferimento.<\/p>\n\n\n\n<p>&#8211; la possibilit\u00e0 di una qualificazione ulteriore per vincere le sfide e per interpretare le esigenze del mondo del lavoro che cambia attraverso percorsi di <strong>formazione continua, permanente e in apprendistato<\/strong>, in linea con i bisogni e gli input espressi dalle aziende del territorio.<\/p>\n\n\n\n<p>&#8211; interventi di orientamento, azioni di <strong>contrasto alla dispersione e di inclusione sociale.<\/strong><\/p>\n\n\n\n<h3 class=\"wp-block-heading\"><strong>Laboratori e attrezzature<\/strong><\/h3>\n\n\n\n<p>Il CFP \u00e8 dotato di laboratori funzionali e aggiornati, oltre che di aule multimediali.<\/p>\n\n\n\n<p>Nell laboratorio di falegnameria sono presenti <strong>macchine tradizionali e a controllo numerico di ultima generazione<\/strong> tra cui: CNC a 5 assi, taglio laser a 3 assi con area di incisione. Il laboratorio tecnico informatico dispone di <strong>software CAD\/CAM<\/strong> specifici per la lavorazione del legno e per la programmazione parametrica come EasyWOOD e GENIO.<\/p>\n","protected":false},"excerpt":{"rendered":"<p>Centro di Formazione Professionale di Almenno San Bartolomeo Il Centro<\/p>\n","protected":false},"author":1,"featured_media":8,"parent":0,"menu_order":0,"comment_status":"closed","ping_status":"open","template":"","meta":{"footnotes":""},"class_list":["post-2","page","type-page","status-publish","has-post-thumbnail","hentry"],"yoast_head":"<!-- This site is optimized with the Yoast SEO plugin v25.8 - https:\/\/yoast.com\/wordpress\/plugins\/seo\/ -->\n<title>Home - Almenno San Bartolomeo<\/title>\n<meta name=\"robots\" content=\"index, follow, max-snippet:-1, max-image-preview:large, max-video-preview:-1\" \/>\n<link rel=\"canonical\" href=\"https:\/\/www.abf.eu\/almenno\/\" \/>\n<meta property=\"og:locale\" content=\"it_IT\" \/>\n<meta property=\"og:type\" content=\"article\" \/>\n<meta property=\"og:title\" content=\"Home - Almenno San Bartolomeo\" \/>\n<meta property=\"og:description\" content=\"Centro di Formazione Professionale di Almenno San Bartolomeo Il Centro\" \/>\n<meta property=\"og:url\" content=\"https:\/\/www.abf.eu\/almenno\/\" \/>\n<meta property=\"og:site_name\" content=\"Almenno San Bartolomeo\" \/>\n<meta property=\"article:modified_time\" content=\"2024-12-19T21:15:21+00:00\" \/>\n<meta property=\"og:image\" content=\"https:\/\/www.abf.eu\/almenno\/wp-content\/uploads\/sites\/9\/2024\/12\/ABF-Almenno-sede.jpg\" \/>\n\t<meta property=\"og:image:width\" content=\"1920\" \/>\n\t<meta property=\"og:image:height\" content=\"1080\" \/>\n\t<meta property=\"og:image:type\" content=\"image\/jpeg\" \/>\n<meta name=\"twitter:card\" content=\"summary_large_image\" \/>\n<meta name=\"twitter:label1\" content=\"Tempo di lettura stimato\" \/>\n\t<meta name=\"twitter:data1\" content=\"2 minuti\" \/>\n<script type=\"application\/ld+json\" class=\"yoast-schema-graph\">{\"@context\":\"https:\/\/schema.org\",\"@graph\":[{\"@type\":\"WebPage\",\"@id\":\"https:\/\/www.abf.eu\/almenno\/\",\"url\":\"https:\/\/www.abf.eu\/almenno\/\",\"name\":\"Home - Almenno San Bartolomeo\",\"isPartOf\":{\"@id\":\"https:\/\/www.abf.eu\/almenno\/#website\"},\"primaryImageOfPage\":{\"@id\":\"https:\/\/www.abf.eu\/almenno\/#primaryimage\"},\"image\":{\"@id\":\"https:\/\/www.abf.eu\/almenno\/#primaryimage\"},\"thumbnailUrl\":\"https:\/\/www.abf.eu\/almenno\/wp-content\/uploads\/sites\/9\/2024\/12\/ABF-Almenno-sede.jpg\",\"datePublished\":\"2024-12-19T20:59:58+00:00\",\"dateModified\":\"2024-12-19T21:15:21+00:00\",\"breadcrumb\":{\"@id\":\"https:\/\/www.abf.eu\/almenno\/#breadcrumb\"},\"inLanguage\":\"it-IT\",\"potentialAction\":[{\"@type\":\"ReadAction\",\"target\":[\"https:\/\/www.abf.eu\/almenno\/\"]}]},{\"@type\":\"ImageObject\",\"inLanguage\":\"it-IT\",\"@id\":\"https:\/\/www.abf.eu\/almenno\/#primaryimage\",\"url\":\"https:\/\/www.abf.eu\/almenno\/wp-content\/uploads\/sites\/9\/2024\/12\/ABF-Almenno-sede.jpg\",\"contentUrl\":\"https:\/\/www.abf.eu\/almenno\/wp-content\/uploads\/sites\/9\/2024\/12\/ABF-Almenno-sede.jpg\",\"width\":1920,\"height\":1080},{\"@type\":\"BreadcrumbList\",\"@id\":\"https:\/\/www.abf.eu\/almenno\/#breadcrumb\",\"itemListElement\":[{\"@type\":\"ListItem\",\"position\":1,\"name\":\"Home\",\"item\":\"https:\/\/www.abf.eu\/almenno\/\"},{\"@type\":\"ListItem\",\"position\":2,\"name\":\"Home\"}]},{\"@type\":\"WebSite\",\"@id\":\"https:\/\/www.abf.eu\/almenno\/#website\",\"url\":\"https:\/\/www.abf.eu\/almenno\/\",\"name\":\"Almenno San Bartolomeo\",\"description\":\"\",\"potentialAction\":[{\"@type\":\"SearchAction\",\"target\":{\"@type\":\"EntryPoint\",\"urlTemplate\":\"https:\/\/www.abf.eu\/almenno\/?s={search_term_string}\"},\"query-input\":{\"@type\":\"PropertyValueSpecification\",\"valueRequired\":true,\"valueName\":\"search_term_string\"}}],\"inLanguage\":\"it-IT\"}]}<\/script>\n<!-- \/ Yoast SEO plugin. -->","yoast_head_json":{"title":"Home - Almenno San Bartolomeo","robots":{"index":"index","follow":"follow","max-snippet":"max-snippet:-1","max-image-preview":"max-image-preview:large","max-video-preview":"max-video-preview:-1"},"canonical":"https:\/\/www.abf.eu\/almenno\/","og_locale":"it_IT","og_type":"article","og_title":"Home - Almenno San Bartolomeo","og_description":"Centro di Formazione Professionale di Almenno San Bartolomeo Il Centro","og_url":"https:\/\/www.abf.eu\/almenno\/","og_site_name":"Almenno San Bartolomeo","article_modified_time":"2024-12-19T21:15:21+00:00","og_image":[{"width":1920,"height":1080,"url":"https:\/\/www.abf.eu\/almenno\/wp-content\/uploads\/sites\/9\/2024\/12\/ABF-Almenno-sede.jpg","type":"image\/jpeg"}],"twitter_card":"summary_large_image","twitter_misc":{"Tempo di lettura stimato":"2 minuti"},"schema":{"@context":"https:\/\/schema.org","@graph":[{"@type":"WebPage","@id":"https:\/\/www.abf.eu\/almenno\/","url":"https:\/\/www.abf.eu\/almenno\/","name":"Home - Almenno San Bartolomeo","isPartOf":{"@id":"https:\/\/www.abf.eu\/almenno\/#website"},"primaryImageOfPage":{"@id":"https:\/\/www.abf.eu\/almenno\/#primaryimage"},"image":{"@id":"https:\/\/www.abf.eu\/almenno\/#primaryimage"},"thumbnailUrl":"https:\/\/www.abf.eu\/almenno\/wp-content\/uploads\/sites\/9\/2024\/12\/ABF-Almenno-sede.jpg","datePublished":"2024-12-19T20:59:58+00:00","dateModified":"2024-12-19T21:15:21+00:00","breadcrumb":{"@id":"https:\/\/www.abf.eu\/almenno\/#breadcrumb"},"inLanguage":"it-IT","potentialAction":[{"@type":"ReadAction","target":["https:\/\/www.abf.eu\/almenno\/"]}]},{"@type":"ImageObject","inLanguage":"it-IT","@id":"https:\/\/www.abf.eu\/almenno\/#primaryimage","url":"https:\/\/www.abf.eu\/almenno\/wp-content\/uploads\/sites\/9\/2024\/12\/ABF-Almenno-sede.jpg","contentUrl":"https:\/\/www.abf.eu\/almenno\/wp-content\/uploads\/sites\/9\/2024\/12\/ABF-Almenno-sede.jpg","width":1920,"height":1080},{"@type":"BreadcrumbList","@id":"https:\/\/www.abf.eu\/almenno\/#breadcrumb","itemListElement":[{"@type":"ListItem","position":1,"name":"Home","item":"https:\/\/www.abf.eu\/almenno\/"},{"@type":"ListItem","position":2,"name":"Home"}]},{"@type":"WebSite","@id":"https:\/\/www.abf.eu\/almenno\/#website","url":"https:\/\/www.abf.eu\/almenno\/","name":"Almenno San Bartolomeo","description":"","potentialAction":[{"@type":"SearchAction","target":{"@type":"EntryPoint","urlTemplate":"https:\/\/www.abf.eu\/almenno\/?s={search_term_string}"},"query-input":{"@type":"PropertyValueSpecification","valueRequired":true,"valueName":"search_term_string"}}],"inLanguage":"it-IT"}]}},"_links":{"self":[{"href":"https:\/\/www.abf.eu\/almenno\/wp-json\/wp\/v2\/pages\/2","targetHints":{"allow":["GET"]}}],"collection":[{"href":"https:\/\/www.abf.eu\/almenno\/wp-json\/wp\/v2\/pages"}],"about":[{"href":"https:\/\/www.abf.eu\/almenno\/wp-json\/wp\/v2\/types\/page"}],"author":[{"embeddable":true,"href":"https:\/\/www.abf.eu\/almenno\/wp-json\/wp\/v2\/users\/1"}],"replies":[{"embeddable":true,"href":"https:\/\/www.abf.eu\/almenno\/wp-json\/wp\/v2\/comments?post=2"}],"version-history":[{"count":2,"href":"https:\/\/www.abf.eu\/almenno\/wp-json\/wp\/v2\/pages\/2\/revisions"}],"predecessor-version":[{"id":7,"href":"https:\/\/www.abf.eu\/almenno\/wp-json\/wp\/v2\/pages\/2\/revisions\/7"}],"wp:featuredmedia":[{"embeddable":true,"href":"https:\/\/www.abf.eu\/almenno\/wp-json\/wp\/v2\/media\/8"}],"wp:attachment":[{"href":"https:\/\/www.abf.eu\/almenno\/wp-json\/wp\/v2\/media?parent=2"}],"curies":[{"name":"wp","href":"https:\/\/api.w.org\/{rel}","templated":true}]}}