{"id":2,"date":"2020-07-11T11:59:11","date_gmt":"2020-07-11T09:59:11","guid":{"rendered":"http:\/\/abf.local\/curno\/?page_id=2"},"modified":"2022-04-19T12:53:45","modified_gmt":"2022-04-19T10:53:45","slug":"abf-centro-di-formazione-professionale-di-curno","status":"publish","type":"page","link":"https:\/\/www.abf.eu\/curno\/","title":{"rendered":"Home"},"content":{"rendered":"\n<h1 class=\"wp-block-heading\">Centro di Formazione Professionale di Curno<\/h1>\n\n\n\n<p>Il Centro di Formazione Professionale di Curno&nbsp;inizia la sua attivit\u00e0 agli inizi degli anni 70 con l\u2019obiettivo di formare i giovani al mondo del&nbsp;lavoro e contribuire allo sviluppo tecnologico del sistema produttivo del territorio, orientandosi verso i&nbsp;settori della meccanica e dell&#8217;automotive.<\/p>\n\n\n\n<p>Nel corso degli anni l\u2019attivit\u00e0 \u00e8 stata caratterizza dai corsi per operatore e tecnico dei veicoli a motore e&nbsp;di carrozzeria rivolti ai pi\u00f9 giovani, di saldatura, meccanica, oleodinamica, pneumatica e idraulica per gli&nbsp;adulti.<\/p>\n\n\n\n<p>Nel 2006, in collaborazione con l\u2019Azienda Tino Sana e Confindustria Bergamo, iniziano i corsi per operatore etecnico del legno, e nel 2015 viene inaugurata ad Almenno San Bartolomeo la <a href=\"http:\/\/www.museotinosana.it\">Scuola del Legno e delle Tecnologia Tino Sana<\/a>. &nbsp;<\/p>\n\n\n\n<p>A settembre del 2020, a rimarcare l\u2019obiettivo di contribuire allo sviluppo tecnologico, inizia per i pi\u00f9 giovani&nbsp;il corso di operatore meccatronico, il corso insiste sull\u2019installazione e cablaggio di componenti elettrici,elettronici e fluidici, saldatura, giunzione e montaggio di componenti meccanici.<\/p>\n\n\n\n<p>Si segnalano alle aziende corsi per conduttori generatori vapore, guida carrello elevatore e corsi in materia di sicurezza.<\/p>\n\n\n\n<p>Ogni anno il centro ospita circa 300 ragazzi di et\u00e0 compresa tra i 14 e i 18 anni.<\/p>\n\n\n\n<h2 class=\"wp-block-heading\">Laboratori e attrezzature<\/h2>\n\n\n\n<p>La sede di Curno \u00e8 dotata di laboratori attrezzati di meccanica e carrozzeria per i veicoli a motore, di&nbsp;meccanica, elettronica e saldatura, di laboratori di informatica.<\/p>\n\n\n\n<p>La Sede di Almenno San Bartolomeo \u00e8 dotata di un moderno laboratorio di falegnameria, attrezzato con una macchina a controllo numerico e macchina a tecnologia laser, e con un laboratorio di informatica.&nbsp;<\/p>\n\n\n\n<div style=\"height:29px\" aria-hidden=\"true\" class=\"wp-block-spacer\"><\/div>\n\n\n\n<figure class=\"wp-block-embed is-type-video is-provider-youtube wp-block-embed-youtube wp-embed-aspect-16-9 wp-has-aspect-ratio\"><div class=\"wp-block-embed__wrapper\">\n<iframe loading=\"lazy\" title=\"Voglia di fare e imparare \u2026 questo \u00e8 ABF\" width=\"500\" height=\"281\" src=\"https:\/\/www.youtube.com\/embed\/vB1OBsaDk1w?feature=oembed\" frameborder=\"0\" allow=\"accelerometer; autoplay; clipboard-write; encrypted-media; gyroscope; picture-in-picture; web-share\" referrerpolicy=\"strict-origin-when-cross-origin\" allowfullscreen><\/iframe>\n<\/div><\/figure>\n","protected":false},"excerpt":{"rendered":"<p>Centro di Formazione Professionale di Curno Il Centro di Formazione<\/p>\n","protected":false},"author":1,"featured_media":15166,"parent":0,"menu_order":0,"comment_status":"closed","ping_status":"open","template":"","meta":{"footnotes":""},"class_list":["post-2","page","type-page","status-publish","has-post-thumbnail","hentry"],"yoast_head":"<!-- This site is optimized with the Yoast SEO plugin v25.8 - https:\/\/yoast.com\/wordpress\/plugins\/seo\/ -->\n<title>Home - Curno<\/title>\n<meta name=\"description\" content=\"Il Centro di formazione professionale di Curno offre a ragazzi, adulti ed aziende corsi specifici per la lavorazione del legno e per il settore automotive.\" \/>\n<meta name=\"robots\" content=\"index, follow, max-snippet:-1, max-image-preview:large, max-video-preview:-1\" \/>\n<link rel=\"canonical\" href=\"https:\/\/www.abf.eu\/curno\/\" \/>\n<meta property=\"og:locale\" content=\"it_IT\" \/>\n<meta property=\"og:type\" content=\"article\" \/>\n<meta property=\"og:title\" content=\"Home - Curno\" \/>\n<meta property=\"og:description\" content=\"Il Centro di formazione professionale di Curno offre a ragazzi, adulti ed aziende corsi specifici per la lavorazione del legno e per il settore automotive.\" \/>\n<meta property=\"og:url\" content=\"https:\/\/www.abf.eu\/curno\/\" \/>\n<meta property=\"og:site_name\" content=\"Curno\" \/>\n<meta property=\"article:modified_time\" content=\"2022-04-19T10:53:45+00:00\" \/>\n<meta property=\"og:image\" content=\"https:\/\/www.abf.eu\/curno\/wp-content\/uploads\/sites\/5\/2022\/03\/Curno-sede-NEW1.jpg\" \/>\n\t<meta property=\"og:image:width\" content=\"1920\" \/>\n\t<meta property=\"og:image:height\" content=\"1080\" \/>\n\t<meta property=\"og:image:type\" content=\"image\/jpeg\" \/>\n<meta name=\"twitter:card\" content=\"summary_large_image\" \/>\n<meta name=\"twitter:label1\" content=\"Tempo di lettura stimato\" \/>\n\t<meta name=\"twitter:data1\" content=\"2 minuti\" \/>\n<script type=\"application\/ld+json\" class=\"yoast-schema-graph\">{\"@context\":\"https:\/\/schema.org\",\"@graph\":[{\"@type\":\"WebPage\",\"@id\":\"https:\/\/www.abf.eu\/curno\/\",\"url\":\"https:\/\/www.abf.eu\/curno\/\",\"name\":\"Home - Curno\",\"isPartOf\":{\"@id\":\"https:\/\/www.abf.eu\/curno\/#website\"},\"primaryImageOfPage\":{\"@id\":\"https:\/\/www.abf.eu\/curno\/#primaryimage\"},\"image\":{\"@id\":\"https:\/\/www.abf.eu\/curno\/#primaryimage\"},\"thumbnailUrl\":\"https:\/\/www.abf.eu\/curno\/wp-content\/uploads\/sites\/5\/2022\/03\/Curno-sede-NEW1.jpg\",\"datePublished\":\"2020-07-11T09:59:11+00:00\",\"dateModified\":\"2022-04-19T10:53:45+00:00\",\"description\":\"Il Centro di formazione professionale di Curno offre a ragazzi, adulti ed aziende corsi specifici per la lavorazione del legno e per il settore automotive.\",\"breadcrumb\":{\"@id\":\"https:\/\/www.abf.eu\/curno\/#breadcrumb\"},\"inLanguage\":\"it-IT\",\"potentialAction\":[{\"@type\":\"ReadAction\",\"target\":[\"https:\/\/www.abf.eu\/curno\/\"]}]},{\"@type\":\"ImageObject\",\"inLanguage\":\"it-IT\",\"@id\":\"https:\/\/www.abf.eu\/curno\/#primaryimage\",\"url\":\"https:\/\/www.abf.eu\/curno\/wp-content\/uploads\/sites\/5\/2022\/03\/Curno-sede-NEW1.jpg\",\"contentUrl\":\"https:\/\/www.abf.eu\/curno\/wp-content\/uploads\/sites\/5\/2022\/03\/Curno-sede-NEW1.jpg\",\"width\":1920,\"height\":1080},{\"@type\":\"BreadcrumbList\",\"@id\":\"https:\/\/www.abf.eu\/curno\/#breadcrumb\",\"itemListElement\":[{\"@type\":\"ListItem\",\"position\":1,\"name\":\"Home\",\"item\":\"https:\/\/www.abf.eu\/curno\/\"},{\"@type\":\"ListItem\",\"position\":2,\"name\":\"Home\"}]},{\"@type\":\"WebSite\",\"@id\":\"https:\/\/www.abf.eu\/curno\/#website\",\"url\":\"https:\/\/www.abf.eu\/curno\/\",\"name\":\"Curno\",\"description\":\"Ecco un altro sito Abf siti\",\"potentialAction\":[{\"@type\":\"SearchAction\",\"target\":{\"@type\":\"EntryPoint\",\"urlTemplate\":\"https:\/\/www.abf.eu\/curno\/?s={search_term_string}\"},\"query-input\":{\"@type\":\"PropertyValueSpecification\",\"valueRequired\":true,\"valueName\":\"search_term_string\"}}],\"inLanguage\":\"it-IT\"}]}<\/script>\n<!-- \/ Yoast SEO plugin. -->","yoast_head_json":{"title":"Home - Curno","description":"Il Centro di formazione professionale di Curno offre a ragazzi, adulti ed aziende corsi specifici per la lavorazione del legno e per il settore automotive.","robots":{"index":"index","follow":"follow","max-snippet":"max-snippet:-1","max-image-preview":"max-image-preview:large","max-video-preview":"max-video-preview:-1"},"canonical":"https:\/\/www.abf.eu\/curno\/","og_locale":"it_IT","og_type":"article","og_title":"Home - Curno","og_description":"Il Centro di formazione professionale di Curno offre a ragazzi, adulti ed aziende corsi specifici per la lavorazione del legno e per il settore automotive.","og_url":"https:\/\/www.abf.eu\/curno\/","og_site_name":"Curno","article_modified_time":"2022-04-19T10:53:45+00:00","og_image":[{"width":1920,"height":1080,"url":"https:\/\/www.abf.eu\/curno\/wp-content\/uploads\/sites\/5\/2022\/03\/Curno-sede-NEW1.jpg","type":"image\/jpeg"}],"twitter_card":"summary_large_image","twitter_misc":{"Tempo di lettura stimato":"2 minuti"},"schema":{"@context":"https:\/\/schema.org","@graph":[{"@type":"WebPage","@id":"https:\/\/www.abf.eu\/curno\/","url":"https:\/\/www.abf.eu\/curno\/","name":"Home - Curno","isPartOf":{"@id":"https:\/\/www.abf.eu\/curno\/#website"},"primaryImageOfPage":{"@id":"https:\/\/www.abf.eu\/curno\/#primaryimage"},"image":{"@id":"https:\/\/www.abf.eu\/curno\/#primaryimage"},"thumbnailUrl":"https:\/\/www.abf.eu\/curno\/wp-content\/uploads\/sites\/5\/2022\/03\/Curno-sede-NEW1.jpg","datePublished":"2020-07-11T09:59:11+00:00","dateModified":"2022-04-19T10:53:45+00:00","description":"Il Centro di formazione professionale di Curno offre a ragazzi, adulti ed aziende corsi specifici per la lavorazione del legno e per il settore automotive.","breadcrumb":{"@id":"https:\/\/www.abf.eu\/curno\/#breadcrumb"},"inLanguage":"it-IT","potentialAction":[{"@type":"ReadAction","target":["https:\/\/www.abf.eu\/curno\/"]}]},{"@type":"ImageObject","inLanguage":"it-IT","@id":"https:\/\/www.abf.eu\/curno\/#primaryimage","url":"https:\/\/www.abf.eu\/curno\/wp-content\/uploads\/sites\/5\/2022\/03\/Curno-sede-NEW1.jpg","contentUrl":"https:\/\/www.abf.eu\/curno\/wp-content\/uploads\/sites\/5\/2022\/03\/Curno-sede-NEW1.jpg","width":1920,"height":1080},{"@type":"BreadcrumbList","@id":"https:\/\/www.abf.eu\/curno\/#breadcrumb","itemListElement":[{"@type":"ListItem","position":1,"name":"Home","item":"https:\/\/www.abf.eu\/curno\/"},{"@type":"ListItem","position":2,"name":"Home"}]},{"@type":"WebSite","@id":"https:\/\/www.abf.eu\/curno\/#website","url":"https:\/\/www.abf.eu\/curno\/","name":"Curno","description":"Ecco un altro sito Abf siti","potentialAction":[{"@type":"SearchAction","target":{"@type":"EntryPoint","urlTemplate":"https:\/\/www.abf.eu\/curno\/?s={search_term_string}"},"query-input":{"@type":"PropertyValueSpecification","valueRequired":true,"valueName":"search_term_string"}}],"inLanguage":"it-IT"}]}},"_links":{"self":[{"href":"https:\/\/www.abf.eu\/curno\/wp-json\/wp\/v2\/pages\/2","targetHints":{"allow":["GET"]}}],"collection":[{"href":"https:\/\/www.abf.eu\/curno\/wp-json\/wp\/v2\/pages"}],"about":[{"href":"https:\/\/www.abf.eu\/curno\/wp-json\/wp\/v2\/types\/page"}],"author":[{"embeddable":true,"href":"https:\/\/www.abf.eu\/curno\/wp-json\/wp\/v2\/users\/1"}],"replies":[{"embeddable":true,"href":"https:\/\/www.abf.eu\/curno\/wp-json\/wp\/v2\/comments?post=2"}],"version-history":[{"count":13,"href":"https:\/\/www.abf.eu\/curno\/wp-json\/wp\/v2\/pages\/2\/revisions"}],"predecessor-version":[{"id":15194,"href":"https:\/\/www.abf.eu\/curno\/wp-json\/wp\/v2\/pages\/2\/revisions\/15194"}],"wp:featuredmedia":[{"embeddable":true,"href":"https:\/\/www.abf.eu\/curno\/wp-json\/wp\/v2\/media\/15166"}],"wp:attachment":[{"href":"https:\/\/www.abf.eu\/curno\/wp-json\/wp\/v2\/media?parent=2"}],"curies":[{"name":"wp","href":"https:\/\/api.w.org\/{rel}","templated":true}]}}